{"id":19,"date":"2026-01-10T14:40:40","date_gmt":"2026-01-10T14:40:40","guid":{"rendered":"https:\/\/mediumvioletred-tiger-127050.hostingersite.com\/map\/"},"modified":"2026-01-31T16:44:36","modified_gmt":"2026-01-31T15:44:36","slug":"map","status":"publish","type":"page","link":"https:\/\/enavantlesessarts2026.fr\/home\/map\/","title":{"rendered":"Notre bilan sur la derni\u00e8re mandature"},"content":{"rendered":"\n<div class=\"wp-block-group alignfull hostinger-ai-gallery-4 hostinger-ai-fade-up is-layout-flow wp-block-group-is-layout-flow\" data-aos=\"fade-up\">\n<h1 class=\"wp-block-heading alignfull has-text-align-center hostinger-ai-solid-block hostinger-ai-fade-up has-light-color has-color-2-background-color has-text-color has-background has-link-color wp-elements-51b5d253652ac2ca2797177ee28561ad\" data-aos=\"fade-up\" style=\"padding-top:var(--wp--preset--spacing--60);padding-bottom:var(--wp--preset--spacing--60)\">Ce qui a chang\u00e9 dans votre ville en 6 ans !<\/h1>\n<\/div>\n\n\n\n<div class=\"wp-block-group alignfull hostinger-ai-gallery-4 hostinger-ai-fade-up is-layout-flow wp-block-group-is-layout-flow\" data-aos=\"fade-up\"><\/div>\n\n\n\n\n\n<p class=\"has-color-2-color has-text-color has-link-color has-large-font-size wp-elements-1e431058776a3962a339b628260cd6e2\">Retrouvez sur la carte ci-dessous les <mark style=\"background-color:rgba(0, 0, 0, 0);color:#00b284\" class=\"has-inline-color\"><strong>principaux changements visibles dans votre ville<\/strong>. <\/mark><br><strong>En cliquant sur chaque pictogramme<\/strong> vous acc\u00e9derez \u00e0 un descriptif de ce qui a \u00e9t\u00e9 r\u00e9alis\u00e9 et une ou plusieurs photos.<\/p>\n\n\n\n<p class=\"has-color-2-color has-text-color has-link-color has-large-font-size wp-elements-a6c2d7939ba7fb72f039215629b12dbf\"><strong><mark style=\"background-color:rgba(0, 0, 0, 0);color:#fcb900\" class=\"has-inline-color\">Astuce : filtrez par th\u00e9matique depuis le menu en haut \u00e0 gauche de la carte<\/mark><br><\/strong><br>N&#8217;h\u00e9sitez pas \u00e0 <a href=\"https:\/\/enavantlesessarts2026.fr\/home\/?page_id=23\" data-type=\"link\" data-id=\"https:\/\/enavantlesessarts2026.fr\/home\/?page_id=23\">nous contacter<\/a> si vous avez des questions ou remarques. <br>Nous vous r\u00e9pondrons dans les meilleurs d\u00e9lais.<br><\/p>\n\n\n\n<div class=\"wp-block-group alignfull hostinger-ai-gallery-4 hostinger-ai-fade-up is-layout-flow wp-block-group-is-layout-flow\" data-aos=\"fade-up\">\n<div class=\"wp-block-group alignwide hostinger-ai-fade-up has-global-padding is-layout-constrained wp-container-core-group-is-layout-e0cfdd1a wp-block-group-is-layout-constrained\" data-aos=\"fade-up\" style=\"min-height:640px;padding-top:var(--wp--preset--spacing--80);padding-bottom:var(--wp--preset--spacing--80)\">\n<iframe src=\"https:\/\/www.google.com\/maps\/d\/u\/1\/embed?mid=1u2IVVyh0E81szNndmfoofBXixZe_3qk&#038;ehbc=2E312F&#038;noprof=1\"  width=\"100%\" height=\"640\" allow=\"fullscreen\"><\/iframe><\/iframe>\n<\/div>\n\n\n<\/div>\n\n\n","protected":false},"excerpt":{"rendered":"<p>Ce qui a chang\u00e9 dans votre ville en 6 ans ! Retrouvez sur la carte ci-dessous les principaux changements visibles dans votre ville. En cliquant sur chaque pictogramme vous acc\u00e9derez \u00e0 un descriptif de ce qui a \u00e9t\u00e9 r\u00e9alis\u00e9 et une ou plusieurs photos. Astuce : filtrez par th\u00e9matique depuis le menu en haut \u00e0 [&hellip;]<\/p>\n","protected":false},"author":1,"featured_media":0,"parent":0,"menu_order":0,"comment_status":"closed","ping_status":"closed","template":"","meta":{"footnotes":""},"class_list":["post-19","page","type-page","status-publish","hentry"],"_hostinger_reach_plugin_has_subscription_block":false,"_hostinger_reach_plugin_is_elementor":false,"_links":{"self":[{"href":"https:\/\/enavantlesessarts2026.fr\/home\/wp-json\/wp\/v2\/pages\/19","targetHints":{"allow":["GET"]}}],"collection":[{"href":"https:\/\/enavantlesessarts2026.fr\/home\/wp-json\/wp\/v2\/pages"}],"about":[{"href":"https:\/\/enavantlesessarts2026.fr\/home\/wp-json\/wp\/v2\/types\/page"}],"author":[{"embeddable":true,"href":"https:\/\/enavantlesessarts2026.fr\/home\/wp-json\/wp\/v2\/users\/1"}],"replies":[{"embeddable":true,"href":"https:\/\/enavantlesessarts2026.fr\/home\/wp-json\/wp\/v2\/comments?post=19"}],"version-history":[{"count":50,"href":"https:\/\/enavantlesessarts2026.fr\/home\/wp-json\/wp\/v2\/pages\/19\/revisions"}],"predecessor-version":[{"id":1513,"href":"https:\/\/enavantlesessarts2026.fr\/home\/wp-json\/wp\/v2\/pages\/19\/revisions\/1513"}],"wp:attachment":[{"href":"https:\/\/enavantlesessarts2026.fr\/home\/wp-json\/wp\/v2\/media?parent=19"}],"curies":[{"name":"wp","href":"https:\/\/api.w.org\/{rel}","templated":true}]}}