{"id":23,"date":"2026-01-10T14:40:49","date_gmt":"2026-01-10T14:40:49","guid":{"rendered":"https:\/\/mediumvioletred-tiger-127050.hostingersite.com\/contact\/"},"modified":"2026-01-31T16:44:36","modified_gmt":"2026-01-31T15:44:36","slug":"contact","status":"publish","type":"page","link":"https:\/\/enavantlesessarts2026.fr\/home\/contact\/","title":{"rendered":"Nous contacter"},"content":{"rendered":"\n<p><\/p>\n\n\n\n<h1 class=\"wp-block-heading alignfull has-text-align-center hostinger-ai-solid-block hostinger-ai-fade-up has-light-color has-color-2-background-color has-text-color has-background has-link-color wp-elements-8297df488866b72eb127cdb172a189e3\" data-aos=\"fade-up\" style=\"padding-top:var(--wp--preset--spacing--60);padding-bottom:var(--wp--preset--spacing--60)\">Nous contacter<\/h1>\n\n\n\n<p class=\"has-text-align-center hostinger-ai-description has-dark-color has-text-color has-link-color has-medium-font-size wp-elements-fe9dcbf41565502d84d89dceaed0f67b\" style=\"margin-top:var(--wp--preset--spacing--20);margin-bottom:var(--wp--preset--spacing--50)\">Une question sur nos r\u00e9alisations, une id\u00e9e pour am\u00e9liorer la ville ?<br>Vos remarques et suggestions nourrissent notre projet pour la commune.<\/p>\n\n\n\n<p class=\"has-text-align-center hostinger-ai-description has-dark-color has-text-color has-link-color has-medium-font-size wp-elements-3c45ccd294dd57754e9ed6a835469a35\" style=\"margin-top:var(--wp--preset--spacing--20);margin-bottom:var(--wp--preset--spacing--50)\">Vous avez besoin d&#8217;aide pour voter par procuration ?<\/p>\n\n\n\n<p class=\"has-text-align-center hostinger-ai-description has-dark-color has-text-color has-link-color has-medium-font-size wp-elements-f3d28653b8aa2ba000a5bdfba718a003\" style=\"margin-top:var(--wp--preset--spacing--20);margin-bottom:var(--wp--preset--spacing--50)\">Nous sommes \u00e0 votre \u00e9coute.<\/p>\n\n\n<style id=\"wpforms-css-vars-75-block-a067c98e-79df-4008-8b21-6a4e4d6b5586\">\n\t\t\t\t#wpforms-75.wpforms-block-a067c98e-79df-4008-8b21-6a4e4d6b5586 {\n\t\t\t\t--wpforms-label-color: rgba(0, 0, 0, 0.85);\n--wpforms-label-sublabel-color: rgba(0, 0, 0, 0.55);\n--wpforms-field-border-color: #284A53;\n--wpforms-field-border-color-spare: #284A53;\n--wpforms-field-text-color: #000000;\n--wpforms-button-border-style: solid;\n--wpforms-button-background-color: #284A53;\n--wpforms-button-border-color: #284A53;\n--wpforms-background-color: rgba(0, 0, 0, 0);\n--wpforms-field-size-input-height: 43px;\n--wpforms-field-size-input-spacing: 15px;\n--wpforms-field-size-font-size: 16px;\n--wpforms-field-size-line-height: 19px;\n--wpforms-field-size-padding-h: 14px;\n--wpforms-field-size-checkbox-size: 16px;\n--wpforms-field-size-sublabel-spacing: 5px;\n--wpforms-field-size-icon-size: 1;\n--wpforms-label-size-font-size: 16px;\n--wpforms-label-size-line-height: 19px;\n--wpforms-label-size-sublabel-font-size: 14px;\n--wpforms-label-size-sublabel-line-height: 17px;\n--wpforms-button-size-font-size: 17px;\n--wpforms-button-size-height: 41px;\n--wpforms-button-size-padding-h: 15px;\n--wpforms-button-size-margin-top: 10px;\n--wpforms-container-shadow-size-box-shadow: none;\n\t\t\t}\n\t\t\t<\/style><div class=\"wpforms-container wpforms-container-full wpforms-block wpforms-block-a067c98e-79df-4008-8b21-6a4e4d6b5586 wpforms-render-modern\" id=\"wpforms-75\"><form id=\"wpforms-form-75\" class=\"wpforms-validate wpforms-form wpforms-ajax-form\" data-formid=\"75\" method=\"post\" enctype=\"multipart\/form-data\" action=\"\/home\/wp-json\/wp\/v2\/pages\/23\" data-token=\"f6c89293305ae47183d05fe5400688fc\" data-token-time=\"1778427213\"><noscript class=\"wpforms-error-noscript\">Veuillez activer JavaScript dans votre navigateur pour remplir ce formulaire.<\/noscript><div id=\"wpforms-error-noscript\" style=\"display: none;\">Veuillez activer JavaScript dans votre navigateur pour remplir ce formulaire.<\/div><div class=\"wpforms-field-container\"><div id=\"wpforms-75-field_1-container\" class=\"wpforms-field wpforms-field-name\" data-field-type=\"name\" data-field-id=\"1\"><fieldset><legend class=\"wpforms-field-label\">Pr\u00e9nom &amp; Nom<\/legend><div class=\"wpforms-field-row wpforms-field-medium\"><div class=\"wpforms-field-row-block wpforms-first wpforms-one-half\"><input type=\"text\" id=\"wpforms-75-field_1\" class=\"wpforms-field-name-first\" name=\"wpforms[fields][1][first]\" aria-errormessage=\"wpforms-75-field_1-error\" ><label for=\"wpforms-75-field_1\" class=\"wpforms-field-sublabel after\">Pr\u00e9nom<\/label><\/div><div class=\"wpforms-field-row-block wpforms-one-half\"><input type=\"text\" id=\"wpforms-75-field_1-last\" class=\"wpforms-field-name-last\" name=\"wpforms[fields][1][last]\" aria-errormessage=\"wpforms-75-field_1-last-error\" ><label for=\"wpforms-75-field_1-last\" class=\"wpforms-field-sublabel after\">Nom<\/label><\/div><\/div><\/fieldset><\/div><div id=\"wpforms-75-field_2-container\" class=\"wpforms-field wpforms-field-email\" data-field-type=\"email\" data-field-id=\"2\"><label class=\"wpforms-field-label\" for=\"wpforms-75-field_2\">E-mail <span class=\"wpforms-required-label\" aria-hidden=\"true\">*<\/span><\/label><input type=\"email\" id=\"wpforms-75-field_2\" class=\"wpforms-field-medium wpforms-field-required\" name=\"wpforms[fields][2]\" spellcheck=\"false\" aria-errormessage=\"wpforms-75-field_2-error\" aria-describedby=\"wpforms-75-field_2-description\" required><div id=\"wpforms-75-field_2-description\" class=\"wpforms-field-description\">Pour que nous puissions vous r\u00e9pondre rapidement<\/div><\/div>\t\t<div id=\"wpforms-75-field_5-container\"\n\t\t\tclass=\"wpforms-field wpforms-field-text\"\n\t\t\tdata-field-type=\"text\"\n\t\t\tdata-field-id=\"5\"\n\t\t\t>\n\t\t\t<label class=\"wpforms-field-label\" for=\"wpforms-75-field_5\" >porte question question<\/label>\n\t\t\t<input type=\"text\" id=\"wpforms-75-field_5\" class=\"wpforms-field-medium\" name=\"wpforms[fields][5]\" >\n\t\t<\/div>\n\t\t<div id=\"wpforms-75-field_3-container\" class=\"wpforms-field wpforms-field-select wpforms-field-select-style-classic\" data-field-type=\"select\" data-field-id=\"3\"><label class=\"wpforms-field-label\" for=\"wpforms-75-field_3\">Votre question ou suggestion porte sur :<\/label><select id=\"wpforms-75-field_3\" class=\"wpforms-field-medium\" name=\"wpforms[fields][3]\"><option value=\"Nos r\u00e9alisations\"  selected='selected' class=\"choice-1 depth-1\"  >Nos r\u00e9alisations<\/option><option value=\"Notre vision\"  class=\"choice-2 depth-1\"  >Notre vision<\/option><option value=\"O\u00f9 nous rencontrer\"  class=\"choice-4 depth-1\"  >O\u00f9 nous rencontrer<\/option><option value=\"Suggestion ou id\u00e9e pour la commune\"  class=\"choice-5 depth-1\"  >Suggestion ou id\u00e9e pour la commune<\/option><option value=\"Procuration \/ voter par procuration\"  class=\"choice-3 depth-1\"  >Procuration \/ voter par procuration<\/option><option value=\"Autres\"  class=\"choice-7 depth-1\"  >Autres<\/option><\/select><\/div><div id=\"wpforms-75-field_4-container\" class=\"wpforms-field wpforms-field-textarea\" data-field-type=\"textarea\" data-field-id=\"4\"><label class=\"wpforms-field-label\" for=\"wpforms-75-field_4\">Votre question ou suggestion<\/label><textarea id=\"wpforms-75-field_4\" class=\"wpforms-field-medium\" name=\"wpforms[fields][4]\" aria-errormessage=\"wpforms-75-field_4-error\" ><\/textarea><\/div><script>\n\t\t\t\t( function() {\n\t\t\t\t\tconst style = document.createElement( 'style' );\n\t\t\t\t\tstyle.appendChild( document.createTextNode( '#wpforms-75-field_5-container { position: absolute !important; overflow: hidden !important; display: inline !important; height: 1px !important; width: 1px !important; z-index: -1000 !important; padding: 0 !important; } #wpforms-75-field_5-container input { visibility: hidden; } #wpforms-conversational-form-page #wpforms-75-field_5-container label { counter-increment: none; }' ) );\n\t\t\t\t\tdocument.head.appendChild( style );\n\t\t\t\t\tdocument.currentScript?.remove();\n\t\t\t\t} )();\n\t\t\t<\/script><\/div><!-- .wpforms-field-container --><div class=\"wpforms-submit-container\" ><input type=\"hidden\" name=\"wpforms[id]\" value=\"75\"><input type=\"hidden\" name=\"page_title\" value=\"\"><input type=\"hidden\" name=\"page_url\" value=\"https:\/\/enavantlesessarts2026.fr\/home\/wp-json\/wp\/v2\/pages\/23\"><input type=\"hidden\" name=\"url_referer\" value=\"\"><button type=\"submit\" name=\"wpforms[submit]\" id=\"wpforms-submit-75\" class=\"wpforms-submit\" data-alt-text=\"Envoi...\" data-submit-text=\"Envoyer votre question\" aria-live=\"assertive\" value=\"wpforms-submit\">Envoyer votre question<\/button><img decoding=\"async\" src=\"https:\/\/enavantlesessarts2026.fr\/wp-content\/plugins\/wpforms\/assets\/images\/submit-spin.svg\" class=\"wpforms-submit-spinner\" style=\"display: none;\" width=\"26\" height=\"26\" alt=\"Chargement en cours\"><\/div><\/form><\/div>  <!-- .wpforms-container -->\n\n\n<p><\/p>\n","protected":false},"excerpt":{"rendered":"<p>Nous contacter Une question sur nos r\u00e9alisations, une id\u00e9e pour am\u00e9liorer la ville ?Vos remarques et suggestions nourrissent notre projet pour la commune. Vous avez besoin d&#8217;aide pour voter par procuration ? Nous sommes \u00e0 votre \u00e9coute.<\/p>\n","protected":false},"author":1,"featured_media":0,"parent":0,"menu_order":0,"comment_status":"closed","ping_status":"closed","template":"","meta":{"footnotes":""},"class_list":["post-23","page","type-page","status-publish","hentry"],"_hostinger_reach_plugin_has_subscription_block":false,"_hostinger_reach_plugin_is_elementor":false,"_links":{"self":[{"href":"https:\/\/enavantlesessarts2026.fr\/home\/wp-json\/wp\/v2\/pages\/23","targetHints":{"allow":["GET"]}}],"collection":[{"href":"https:\/\/enavantlesessarts2026.fr\/home\/wp-json\/wp\/v2\/pages"}],"about":[{"href":"https:\/\/enavantlesessarts2026.fr\/home\/wp-json\/wp\/v2\/types\/page"}],"author":[{"embeddable":true,"href":"https:\/\/enavantlesessarts2026.fr\/home\/wp-json\/wp\/v2\/users\/1"}],"replies":[{"embeddable":true,"href":"https:\/\/enavantlesessarts2026.fr\/home\/wp-json\/wp\/v2\/comments?post=23"}],"version-history":[{"count":23,"href":"https:\/\/enavantlesessarts2026.fr\/home\/wp-json\/wp\/v2\/pages\/23\/revisions"}],"predecessor-version":[{"id":1681,"href":"https:\/\/enavantlesessarts2026.fr\/home\/wp-json\/wp\/v2\/pages\/23\/revisions\/1681"}],"wp:attachment":[{"href":"https:\/\/enavantlesessarts2026.fr\/home\/wp-json\/wp\/v2\/media?parent=23"}],"curies":[{"name":"wp","href":"https:\/\/api.w.org\/{rel}","templated":true}]}}