{"id":238,"date":"2026-01-18T01:41:06","date_gmt":"2026-01-18T00:41:06","guid":{"rendered":"https:\/\/enavantlesessarts2026.fr\/?page_id=238"},"modified":"2026-01-31T18:21:42","modified_gmt":"2026-01-31T17:21:42","slug":"soutiens","status":"publish","type":"page","link":"https:\/\/enavantlesessarts2026.fr\/home\/soutiens\/","title":{"rendered":"Vos messages de soutien"},"content":{"rendered":"\n<p><\/p>\n\n\n\n<h1 class=\"wp-block-heading alignfull has-text-align-center hostinger-ai-solid-block hostinger-ai-fade-up has-light-color has-color-2-background-color has-text-color has-background has-link-color wp-elements-1b931b67f5ef8e77c095bf5601abf5c8\" data-aos=\"fade-up\" style=\"padding-top:var(--wp--preset--spacing--60);padding-bottom:var(--wp--preset--spacing--60)\">Vos messages de soutien<\/h1>\n\n\n\n<p class=\"has-text-align-center has-border-color has-color-2-border-color has-color-1-background-color has-background has-large-font-size\" style=\"border-top-left-radius:10px;border-top-right-radius:10px;border-bottom-left-radius:10px;border-bottom-right-radius:10px\">Vous \u00eates d\u00e9j\u00e0 nombreux \u00e0 nous t\u00e9moigner votre soutien <br>Merci pour votre confiance !<\/p>\n\n\n\n\n\n\n\n<p class=\"has-text-align-center has-color-2-color has-text-color has-link-color has-large-font-size wp-elements-5ba3b3788d8889d83894502e28f288e0\">Cette page vous permet de laisser un message d&#8217;encouragement que nous publierons sur notre site apr\u00e8s mod\u00e9ration.<\/p>\n\n\n<style id=\"wpforms-css-vars-541-block-1d2a0f91-f28d-48cb-9d7a-2df424c62a9b\">\n\t\t\t\t#wpforms-541.wpforms-block-1d2a0f91-f28d-48cb-9d7a-2df424c62a9b {\n\t\t\t\t--wpforms-label-color: rgba(0, 0, 0, 0.85);\n--wpforms-label-sublabel-color: rgba(0, 0, 0, 0.55);\n--wpforms-field-border-color: #284A53;\n--wpforms-field-border-color-spare: #284A53;\n--wpforms-field-text-color: #000000;\n--wpforms-button-border-style: solid;\n--wpforms-button-background-color: #284A53;\n--wpforms-button-border-color: #284A53;\n--wpforms-background-color: rgba(0, 0, 0, 0);\n--wpforms-field-size-input-height: 43px;\n--wpforms-field-size-input-spacing: 15px;\n--wpforms-field-size-font-size: 16px;\n--wpforms-field-size-line-height: 19px;\n--wpforms-field-size-padding-h: 14px;\n--wpforms-field-size-checkbox-size: 16px;\n--wpforms-field-size-sublabel-spacing: 5px;\n--wpforms-field-size-icon-size: 1;\n--wpforms-label-size-font-size: 16px;\n--wpforms-label-size-line-height: 19px;\n--wpforms-label-size-sublabel-font-size: 14px;\n--wpforms-label-size-sublabel-line-height: 17px;\n--wpforms-button-size-font-size: 17px;\n--wpforms-button-size-height: 41px;\n--wpforms-button-size-padding-h: 15px;\n--wpforms-button-size-margin-top: 10px;\n--wpforms-container-shadow-size-box-shadow: none;\n\t\t\t}\n\t\t\t<\/style><div class=\"wpforms-container wpforms-container-full wpforms-block wpforms-block-1d2a0f91-f28d-48cb-9d7a-2df424c62a9b wpforms-render-modern\" id=\"wpforms-541\"><form id=\"wpforms-form-541\" class=\"wpforms-validate wpforms-form wpforms-ajax-form\" data-formid=\"541\" method=\"post\" enctype=\"multipart\/form-data\" action=\"\/home\/wp-json\/wp\/v2\/pages\/238\" data-token=\"4618c6f96abb781efb3283825d829383\" data-token-time=\"1778427282\"><noscript class=\"wpforms-error-noscript\">Veuillez activer JavaScript dans votre navigateur pour remplir ce formulaire.<\/noscript><div id=\"wpforms-error-noscript\" style=\"display: none;\">Veuillez activer JavaScript dans votre navigateur pour remplir ce formulaire.<\/div><div class=\"wpforms-field-container\">\t\t<div id=\"wpforms-541-field_4-container\"\n\t\t\tclass=\"wpforms-field wpforms-field-text\"\n\t\t\tdata-field-type=\"text\"\n\t\t\tdata-field-id=\"4\"\n\t\t\t>\n\t\t\t<label class=\"wpforms-field-label\" for=\"wpforms-541-field_4\" >&amp; message Consentement<\/label>\n\t\t\t<input type=\"text\" id=\"wpforms-541-field_4\" class=\"wpforms-field-medium\" name=\"wpforms[fields][4]\" >\n\t\t<\/div>\n\t\t<div id=\"wpforms-541-field_1-container\" class=\"wpforms-field wpforms-field-divider\" data-field-type=\"divider\" data-field-id=\"1\"><h3 id=\"wpforms-541-field_1\" aria-errormessage=\"wpforms-541-field_1-error\" aria-describedby=\"wpforms-541-field_1-description\">Vos coordonn\u00e9es<\/h3><div id=\"wpforms-541-field_1-description\" class=\"wpforms-field-description\">Merci d\u2019indiquer vos coordonn\u00e9es afin que nous puissions mentionner votre soutien. Seuls vos nom et pr\u00e9nom seront publi\u00e9s, votre adresse email permettra uniquement de vous contacter.<\/div><\/div><div id=\"wpforms-541-field_2-container\" class=\"wpforms-field wpforms-field-name\" data-field-type=\"name\" data-field-id=\"2\"><fieldset><legend class=\"wpforms-field-label\">Pr\u00e9nom &amp; Nom <span class=\"wpforms-required-label\" aria-hidden=\"true\">*<\/span><\/legend><div class=\"wpforms-field-row wpforms-field-medium\"><div class=\"wpforms-field-row-block wpforms-first wpforms-one-half\"><input type=\"text\" id=\"wpforms-541-field_2\" class=\"wpforms-field-name-first wpforms-field-required\" name=\"wpforms[fields][2][first]\" aria-errormessage=\"wpforms-541-field_2-error\" required><label for=\"wpforms-541-field_2\" class=\"wpforms-field-sublabel after\">Pr\u00e9nom<\/label><\/div><div class=\"wpforms-field-row-block wpforms-one-half\"><input type=\"text\" id=\"wpforms-541-field_2-last\" class=\"wpforms-field-name-last wpforms-field-required\" name=\"wpforms[fields][2][last]\" aria-errormessage=\"wpforms-541-field_2-last-error\" required><label for=\"wpforms-541-field_2-last\" class=\"wpforms-field-sublabel after\">Nom<\/label><\/div><\/div><\/fieldset><\/div><div id=\"wpforms-541-field_3-container\" class=\"wpforms-field wpforms-field-email\" data-field-type=\"email\" data-field-id=\"3\"><label class=\"wpforms-field-label\" for=\"wpforms-541-field_3\">Email<\/label><input type=\"email\" id=\"wpforms-541-field_3\" class=\"wpforms-field-medium\" name=\"wpforms[fields][3]\" spellcheck=\"false\" aria-errormessage=\"wpforms-541-field_3-error\" ><\/div><div id=\"wpforms-541-field_5-container\" class=\"wpforms-field wpforms-field-divider\" data-field-type=\"divider\" data-field-id=\"5\"><h3 id=\"wpforms-541-field_5\" aria-errormessage=\"wpforms-541-field_5-error\" aria-describedby=\"wpforms-541-field_5-description\">Votre message de soutien<\/h3><div id=\"wpforms-541-field_5-description\" class=\"wpforms-field-description\">Merci de remplir avec vos mots et votre enthousiasme <\/div><\/div><div id=\"wpforms-541-field_9-container\" class=\"wpforms-field wpforms-field-textarea\" data-field-type=\"textarea\" data-field-id=\"9\"><label class=\"wpforms-field-label\" for=\"wpforms-541-field_9\">Titre de votre message <span class=\"wpforms-required-label\" aria-hidden=\"true\">*<\/span><\/label><textarea id=\"wpforms-541-field_9\" class=\"wpforms-field-small wpforms-field-required\" name=\"wpforms[fields][9]\" aria-errormessage=\"wpforms-541-field_9-error\" aria-describedby=\"wpforms-541-field_9-description\" required><\/textarea><div id=\"wpforms-541-field_9-description\" class=\"wpforms-field-description\">Une phrase courte r\u00e9sumant votre message<\/div><\/div><div id=\"wpforms-541-field_7-container\" class=\"wpforms-field wpforms-field-richtext wpforms-field-medium\" data-field-type=\"richtext\" data-field-id=\"7\"><fieldset><legend class=\"wpforms-field-label\">Contenu <span class=\"wpforms-required-label\" aria-hidden=\"true\">*<\/span><\/legend><div id=\"wp-wpforms-541-field_7-wrap\" class=\"wp-core-ui wp-editor-wrap tmce-active\"><link rel='stylesheet' id='dashicons-css' href='https:\/\/enavantlesessarts2026.fr\/wp-includes\/css\/dashicons.min.css?ver=6.9.4' media='all' \/>\n<link rel='stylesheet' id='editor-buttons-css' href='https:\/\/enavantlesessarts2026.fr\/wp-includes\/css\/editor.min.css?ver=6.9.4' media='all' \/>\n<div id=\"wp-wpforms-541-field_7-editor-tools\" class=\"wp-editor-tools hide-if-no-js\"><div class=\"wp-editor-tabs\"><button type=\"button\" id=\"wpforms-541-field_7-tmce\" aria-pressed=\"true\" class=\"wp-switch-editor switch-tmce\" data-wp-editor-id=\"wpforms-541-field_7\">Visuel<\/button>\n<button type=\"button\" id=\"wpforms-541-field_7-html\" class=\"wp-switch-editor switch-html\" data-wp-editor-id=\"wpforms-541-field_7\">Code<\/button>\n<\/div>\n<\/div>\n<div id=\"wp-wpforms-541-field_7-editor-container\" class=\"wp-editor-container\"><div id=\"qt_wpforms-541-field_7_toolbar\" class=\"quicktags-toolbar hide-if-no-js\"><\/div><textarea class=\"wpforms-field-required wp-editor-area\" style=\"height: 120px\" autocomplete=\"off\" cols=\"40\" name=\"wpforms[fields][7]\" id=\"wpforms-541-field_7\"><\/textarea><\/div>\n<\/div>\n\n<\/fieldset><\/div><div id=\"wpforms-541-field_11-container\" class=\"wpforms-field wpforms-field-checkbox\" data-field-type=\"checkbox\" data-field-id=\"11\"><fieldset><legend class=\"wpforms-field-label\">Consentement de publication<\/legend><ul id=\"wpforms-541-field_11\"><li class=\"choice-1 depth-1\"><input type=\"checkbox\" id=\"wpforms-541-field_11_1\" name=\"wpforms[fields][11][]\" value=\"J&#039;accepte que mon message soit publi\u00e9 sur le site avec mon nom et pr\u00e9nom apr\u00e8s mod\u00e9ration\" aria-errormessage=\"wpforms-541-field_11_1-error\"  ><label class=\"wpforms-field-label-inline\" for=\"wpforms-541-field_11_1\">J&#8217;accepte que mon message soit publi\u00e9 sur le site avec mon nom et pr\u00e9nom apr\u00e8s mod\u00e9ration<\/label><\/li><\/ul><\/fieldset><\/div><script>\n\t\t\t\t( function() {\n\t\t\t\t\tconst style = document.createElement( 'style' );\n\t\t\t\t\tstyle.appendChild( document.createTextNode( '#wpforms-541-field_4-container { position: absolute !important; overflow: hidden !important; display: inline !important; height: 1px !important; width: 1px !important; z-index: -1000 !important; padding: 0 !important; } #wpforms-541-field_4-container input { visibility: hidden; } #wpforms-conversational-form-page #wpforms-541-field_4-container label { counter-increment: none; }' ) );\n\t\t\t\t\tdocument.head.appendChild( style );\n\t\t\t\t\tdocument.currentScript?.remove();\n\t\t\t\t} )();\n\t\t\t<\/script><\/div><!-- .wpforms-field-container --><div class=\"wpforms-submit-container\" ><input type=\"hidden\" name=\"wpforms[id]\" value=\"541\"><input type=\"hidden\" name=\"page_title\" value=\"\"><input type=\"hidden\" name=\"page_url\" value=\"https:\/\/enavantlesessarts2026.fr\/home\/wp-json\/wp\/v2\/pages\/238\"><input type=\"hidden\" name=\"url_referer\" value=\"\"><button type=\"submit\" name=\"wpforms[submit]\" id=\"wpforms-submit-541\" class=\"wpforms-submit\" data-alt-text=\"Sending...\" data-submit-text=\"Envoyez votre messsage\" aria-live=\"assertive\" value=\"wpforms-submit\">Envoyez votre messsage<\/button><img decoding=\"async\" src=\"https:\/\/enavantlesessarts2026.fr\/wp-content\/plugins\/wpforms\/assets\/images\/submit-spin.svg\" class=\"wpforms-submit-spinner\" style=\"display: none;\" width=\"26\" height=\"26\" alt=\"Chargement en cours\"><\/div><\/form><\/div>  <!-- .wpforms-container -->\n\n\n<div class=\"wp-block-cover is-light\" style=\"min-height:245px;aspect-ratio:unset;\"><img fetchpriority=\"high\" decoding=\"async\" width=\"1024\" height=\"682\" class=\"wp-block-cover__image-background wp-image-1592 size-large\" alt=\"\" src=\"https:\/\/enavantlesessarts2026.fr\/wp-content\/uploads\/2026\/01\/WhatsApp-Image-2026-01-27-at-21.20.05-1-1024x682.jpeg\" data-object-fit=\"cover\" srcset=\"https:\/\/enavantlesessarts2026.fr\/wp-content\/uploads\/2026\/01\/WhatsApp-Image-2026-01-27-at-21.20.05-1-1024x682.jpeg 1024w, https:\/\/enavantlesessarts2026.fr\/wp-content\/uploads\/2026\/01\/WhatsApp-Image-2026-01-27-at-21.20.05-1-300x200.jpeg 300w, https:\/\/enavantlesessarts2026.fr\/wp-content\/uploads\/2026\/01\/WhatsApp-Image-2026-01-27-at-21.20.05-1-768x512.jpeg 768w, https:\/\/enavantlesessarts2026.fr\/wp-content\/uploads\/2026\/01\/WhatsApp-Image-2026-01-27-at-21.20.05-1-1536x1023.jpeg 1536w, https:\/\/enavantlesessarts2026.fr\/wp-content\/uploads\/2026\/01\/WhatsApp-Image-2026-01-27-at-21.20.05-1-200x133.jpeg 200w, https:\/\/enavantlesessarts2026.fr\/wp-content\/uploads\/2026\/01\/WhatsApp-Image-2026-01-27-at-21.20.05-1.jpeg 1600w\" sizes=\"(max-width: 1024px) 100vw, 1024px\" \/><span aria-hidden=\"true\" class=\"wp-block-cover__background has-light-background-color has-background-dim\"><\/span><div class=\"wp-block-cover__inner-container has-global-padding is-layout-constrained wp-block-cover-is-layout-constrained\">\n<p class=\"has-text-align-center has-large-font-size\"><\/p>\n<\/div><\/div>\n","protected":false},"excerpt":{"rendered":"<p>Vos messages de soutien Vous \u00eates d\u00e9j\u00e0 nombreux \u00e0 nous t\u00e9moigner votre soutien Merci pour votre confiance ! Vous \u00eates d\u00e9j\u00e0 nombreux \u00e0 nous t\u00e9moigner votre soutien Merci pour votre confiance ! Cette page vous permet de laisser un message d&#8217;encouragement que nous publierons sur notre site apr\u00e8s mod\u00e9ration.<\/p>\n","protected":false},"author":1,"featured_media":0,"parent":0,"menu_order":0,"comment_status":"closed","ping_status":"closed","template":"","meta":{"footnotes":""},"class_list":["post-238","page","type-page","status-publish","hentry"],"_hostinger_reach_plugin_has_subscription_block":false,"_hostinger_reach_plugin_is_elementor":false,"_links":{"self":[{"href":"https:\/\/enavantlesessarts2026.fr\/home\/wp-json\/wp\/v2\/pages\/238","targetHints":{"allow":["GET"]}}],"collection":[{"href":"https:\/\/enavantlesessarts2026.fr\/home\/wp-json\/wp\/v2\/pages"}],"about":[{"href":"https:\/\/enavantlesessarts2026.fr\/home\/wp-json\/wp\/v2\/types\/page"}],"author":[{"embeddable":true,"href":"https:\/\/enavantlesessarts2026.fr\/home\/wp-json\/wp\/v2\/users\/1"}],"replies":[{"embeddable":true,"href":"https:\/\/enavantlesessarts2026.fr\/home\/wp-json\/wp\/v2\/comments?post=238"}],"version-history":[{"count":22,"href":"https:\/\/enavantlesessarts2026.fr\/home\/wp-json\/wp\/v2\/pages\/238\/revisions"}],"predecessor-version":[{"id":1792,"href":"https:\/\/enavantlesessarts2026.fr\/home\/wp-json\/wp\/v2\/pages\/238\/revisions\/1792"}],"wp:attachment":[{"href":"https:\/\/enavantlesessarts2026.fr\/home\/wp-json\/wp\/v2\/media?parent=238"}],"curies":[{"name":"wp","href":"https:\/\/api.w.org\/{rel}","templated":true}]}}